{"id":10,"date":"2017-08-15T08:47:37","date_gmt":"2017-08-15T06:47:37","guid":{"rendered":"http:\/\/badergartenpflege.ch\/?page_id=10"},"modified":"2025-04-08T13:19:23","modified_gmt":"2025-04-08T11:19:23","slug":"startseite","status":"publish","type":"page","link":"https:\/\/wildwuchs-natur.ch\/","title":{"rendered":"Wildwuchs GmbH"},"content":{"rendered":"<p>Mehr Natur, mehr Vielfalt, mehr Lebensqualit\u00e4t \u2013 die wunderbare Welt des gepflegten Naturgartens!<\/p>\n<p>Der naturnahe Garten \u2013 reich an Form und Farbe, Nektar und Lebensraum. Er kann fr\u00f6hlich, lebendig und wild sein. Oder ruhig, verwinkelt und voller \u00dcberraschungen. Mit Wasser, Stein oder Holz. Wir beraten dich gerne direkt in deinem Garten, um gemeinsam die beste L\u00f6sung f\u00fcr deinen Standort zu finden.<\/p>\n<p>Ein Miteinander wird im Naturgarten angestrebt und nicht ein gegeneinander. Wir setzen standortgerechte Pflanzen, schaffen Strukturen und tolerieren Spontanbewuchs. Auf Kunstd\u00fcnger und Pestizide verzichten wir, so wie auf gentechnisch ver\u00e4nderte Pflanzen. Wir brauchen kein Torf und achten darauf mit lokalen Materialien zu arbeiten. Nach M\u00f6glichkeit belassen wir das organische Material direkt im Garten.<\/p>\n<p>Auch ein Naturgarten braucht Pflege; gerne schneiden wir deine Obstb\u00e4ume, Str\u00e4ucher und Hecken. Wir m\u00e4hen deine Blumenwiese, wenn m\u00f6glich mit der tierfreundlichsten Methode; der Sense.<\/p>\n<p>Die Gartengestaltung mit Trockensteinmauern, Teichen, Hecken und Wiesen ist unsere Spezialit\u00e4t.<\/p>\n<p>Wir halten den Umweltschutz und den Erhalt der Artenvielfalt f\u00fcr die wichtigste Aufgabe der heutigen Zeit; . Deshalb spenden wir j\u00e4hrlich einen Teil des Gewinns an den Naturschutzverein FaunaBerna. www.faunaberna.ch<\/p>\n<p>&nbsp;<\/p>\n\n\n<figure class=\"wp-block-table\"><table class=\"has-fixed-layout\"><tbody><tr><td><img decoding=\"async\" src=\"https:\/\/wildwuchs-natur.ch\/wp-content\/uploads\/2025\/04\/BtLabel-de-warmgrau-auf-hell.png\" alt=\"Bio Terra zertifizierter Betrieb\" style=\"\"><\/td><td>Wir sind ein von BioTerra zertifizierter Betrieb.<br><br><br><br><br><br><br><br><br><\/td><\/tr><\/tbody><\/table><\/figure>\n\n\n\n<p><\/p>\n","protected":false},"excerpt":{"rendered":"<p>Mehr Natur, mehr Vielfalt, mehr Lebensqualit\u00e4t \u2013 die wunderbare Welt des gepflegten Naturgartens! Der naturnahe Garten \u2013 reich an Form und Farbe, Nektar und Lebensraum. Er kann fr\u00f6hlich, lebendig und wild sein. Oder ruhig, verwinkelt und voller \u00dcberraschungen. Mit Wasser, Stein oder Holz. Wir beraten dich gerne direkt in deinem Garten, um gemeinsam die beste &hellip; <\/p>\n<p class=\"link-more\"><a href=\"https:\/\/wildwuchs-natur.ch\/\" class=\"more-link\">Continue reading<span class=\"screen-reader-text\"> &#8220;Wildwuchs GmbH&#8221;<\/span><\/a><\/p>\n","protected":false},"author":3,"featured_media":153,"parent":0,"menu_order":0,"comment_status":"closed","ping_status":"closed","template":"","meta":{"footnotes":""},"class_list":["post-10","page","type-page","status-publish","has-post-thumbnail","hentry"],"_links":{"self":[{"href":"https:\/\/wildwuchs-natur.ch\/index.php?rest_route=\/wp\/v2\/pages\/10","targetHints":{"allow":["GET"]}}],"collection":[{"href":"https:\/\/wildwuchs-natur.ch\/index.php?rest_route=\/wp\/v2\/pages"}],"about":[{"href":"https:\/\/wildwuchs-natur.ch\/index.php?rest_route=\/wp\/v2\/types\/page"}],"author":[{"embeddable":true,"href":"https:\/\/wildwuchs-natur.ch\/index.php?rest_route=\/wp\/v2\/users\/3"}],"replies":[{"embeddable":true,"href":"https:\/\/wildwuchs-natur.ch\/index.php?rest_route=%2Fwp%2Fv2%2Fcomments&post=10"}],"version-history":[{"count":17,"href":"https:\/\/wildwuchs-natur.ch\/index.php?rest_route=\/wp\/v2\/pages\/10\/revisions"}],"predecessor-version":[{"id":347,"href":"https:\/\/wildwuchs-natur.ch\/index.php?rest_route=\/wp\/v2\/pages\/10\/revisions\/347"}],"wp:featuredmedia":[{"embeddable":true,"href":"https:\/\/wildwuchs-natur.ch\/index.php?rest_route=\/wp\/v2\/media\/153"}],"wp:attachment":[{"href":"https:\/\/wildwuchs-natur.ch\/index.php?rest_route=%2Fwp%2Fv2%2Fmedia&parent=10"}],"curies":[{"name":"wp","href":"https:\/\/api.w.org\/{rel}","templated":true}]}}